{"id":6,"date":"2021-03-16T18:49:44","date_gmt":"2021-03-16T17:49:44","guid":{"rendered":"http:\/\/magdalenazajac.pl\/?page_id=6"},"modified":"2021-03-16T22:52:08","modified_gmt":"2021-03-16T21:52:08","slug":"radca-prawny","status":"publish","type":"page","link":"https:\/\/magdalenazajac.pl\/","title":{"rendered":"Radca Prawny Magdalena Zaj\u0105c"},"content":{"rendered":"\n<h1 class=\"wp-block-heading\">O MNIE<\/h1>\n\n\n\n<p>Nazywam si\u0119<strong>&nbsp;Magdalena Zaj\u0105c.<\/strong>&nbsp;Jestem absolwentk\u0105 stacjonarnych studi\u00f3w prawniczych na Wydziale Prawa i Administracji Uniwersytetu \u0141\u00f3dzkiego. W 2014 r. obroni\u0142am prac\u0119 magistersk\u0105 \u201eUpowa\u017cnienie do korzystania z firmy\u201d w Katedrze Prawa Gospodarczego i Handlowego w Zak\u0142adzie Prawa W\u0142asno\u015bci Przemys\u0142owej.<\/p>\n\n\n\n<p>W 2018 r. z\u0142o\u017cy\u0142am z wynikiem pozytywnym egzamin radcowski i zosta\u0142am wpisana na list\u0119 radc\u00f3w prawnych prowadzon\u0105 przez Okr\u0119gow\u0105 Izb\u0119 Radc\u00f3w Prawnych&nbsp;<strong>nr wpisu: \u0141D \u2013 2373<\/strong>. Aplikacj\u0119 radcowsk\u0105 uko\u0144czy\u0142am z wyr\u00f3\u017cnieniem za prac\u0119 na rzecz samorz\u0105du radcowskiego.<\/p>\n\n\n\n<p>Do\u015bwiadczenie zawodowe zacz\u0119\u0142am zdobywa\u0107 ju\u017c podczas studi\u00f3w, odbywaj\u0105c praktyki w Kancelariach Notarialnych oraz Kancelariach Radc\u00f3w Prawnych. Wsp\u00f3\u0142prac\u0119 z Kancelari\u0105 Radcy Prawnego kontynuowa\u0142am tak\u017ce w czasie odbywania aplikacji. Reprezentowa\u0142am strony na ka\u017cdym etapie post\u0119powania \u2013 pocz\u0105wszy od post\u0119powania polubownego, poprzez post\u0119powanie s\u0105dowe, a\u017c po post\u0119powanie egzekucyjne. Uczestniczy\u0142am tak\u017ce w negocjacjach um\u00f3w.<\/p>\n\n\n\n<p>Bogate do\u015bwiadczenie zawodowe oraz szeroka wiedza pozwalaj\u0105 mi&nbsp;<strong>na profesjonalne i kompleksowe \u015bwiadczenie us\u0142ug<\/strong>&nbsp;na rzecz podmiot\u00f3w gospodarczych, organizacji, jak r\u00f3wnie\u017c klient\u00f3w indywidualnych.<\/p>\n\n\n\n<h2 class=\"wp-block-heading\">Oferta<\/h2>\n\n\n\n<p>Kancelaria zajmuje si\u0119 obs\u0142ug\u0105&nbsp;<strong>przedsi\u0119biorc\u00f3w<\/strong>&nbsp;\u2013 jednoosobowych dzia\u0142alno\u015bci gospodarczych oraz sp\u00f3\u0142ek prawa handlowego \u2013 na zasadzie jednorazowych zlece\u0144 lub sta\u0142ych um\u00f3w o \u015bwiadczenie us\u0142ug.<\/p>\n\n\n\n<p>Kancelaria oferuje r\u00f3wnie\u017c us\u0142ugi na rzecz&nbsp;<strong>os\u00f3b fizycznych&nbsp;<\/strong>oraz&nbsp;<strong>stowarzysze\u0144<\/strong>&nbsp;i&nbsp;<strong>fundacji<\/strong>.<\/p>\n\n\n\n<p>Kancelaria&nbsp;<strong>specjalizuje si\u0119 w<\/strong>:<\/p>\n\n\n\n<ul class=\"wp-block-list\"><li>dochodzeniu roszcze\u0144 i windykacji nale\u017cno\u015bci<\/li><li>przygotowaniu, analizie i negocjacji um\u00f3w<\/li><li>rejestracji sp\u00f3\u0142ek i post\u0119powaniu rejestrowym<\/li><li>przygotowaniu dokument\u00f3w wewn\u0119trznych przedsi\u0119biorstwa<\/li><li>prawie nieruchomo\u015bci<\/li><li>reprezentowaniu przed s\u0105dami i organami administracji publicznej i samorz\u0105dowej<\/li><\/ul>\n\n\n\n<h2 class=\"wp-block-heading\">Kontakt<\/h2>\n\n\n\n<h3 class=\"has-medium-font-size wp-block-heading\"><strong>RADCA PRAWNY MAGDALENA ZAJ\u0104C<\/strong><\/h3>\n\n\n\n<h3 class=\"has-medium-font-size wp-block-heading\">UL. NAWROT 114 LOK. 114 (I PI\u0118TRO) 90- 029 \u0141\u00d3D\u0179<\/h3>\n\n\n\n<h3 class=\"has-medium-font-size wp-block-heading\">TEL: 790 415 111<\/h3>\n\n\n\n<h3 class=\"has-medium-font-size wp-block-heading\">RADCA@MAGDALENAZAJAC.PL<\/h3>\n\n\n\n<h3 class=\"has-medium-font-size wp-block-heading\">NIP 771 282 10 56<\/h3>\n\n\n\n<p><\/p>\n","protected":false},"excerpt":{"rendered":"<p>O MNIE Nazywam si\u0119&nbsp;Magdalena Zaj\u0105c.&nbsp;Jestem absolwentk\u0105 stacjonarnych studi\u00f3w prawniczych na Wydziale Prawa i Administracji Uniwersytetu \u0141\u00f3dzkiego. W 2014 r. obroni\u0142am prac\u0119 magistersk\u0105 \u201eUpowa\u017cnienie do korzystania z firmy\u201d w Katedrze Prawa Gospodarczego i Handlowego w Zak\u0142adzie Prawa W\u0142asno\u015bci Przemys\u0142owej. W 2018 r. z\u0142o\u017cy\u0142am z wynikiem pozytywnym egzamin radcowski i zosta\u0142am wpisana na list\u0119 radc\u00f3w prawnych prowadzon\u0105 [&hellip;]<\/p>\n","protected":false},"author":1,"featured_media":0,"parent":0,"menu_order":0,"comment_status":"closed","ping_status":"closed","template":"","meta":{"footnotes":""},"class_list":["post-6","page","type-page","status-publish","hentry"],"yoast_head":"<!-- This site is optimized with the Yoast SEO plugin v16.0.1 - https:\/\/yoast.com\/wordpress\/plugins\/seo\/ -->\n<title>Radca Prawny Magdalena Zaj\u0105c - Radca Prawny Magdalena Zaj\u0105c<\/title>\n<meta name=\"description\" content=\"Radca Prawny Magdalena Zaj\u0105c \u2013 Bogate do\u015bwiadczenie zawodowe oraz szeroka wiedza Bogate pozwalaj\u0105 mi na profesjonalizm.\" \/>\n<link rel=\"canonical\" href=\"https:\/\/magdalenazajac.pl\/\" \/>\n<meta property=\"og:locale\" content=\"pl_PL\" \/>\n<meta property=\"og:type\" content=\"article\" \/>\n<meta property=\"og:title\" content=\"Radca Prawny Magdalena Zaj\u0105c - Radca Prawny Magdalena Zaj\u0105c\" \/>\n<meta property=\"og:description\" content=\"Radca Prawny Magdalena Zaj\u0105c \u2013 Bogate do\u015bwiadczenie zawodowe oraz szeroka wiedza Bogate pozwalaj\u0105 mi na profesjonalizm.\" \/>\n<meta property=\"og:url\" content=\"https:\/\/magdalenazajac.pl\/\" \/>\n<meta property=\"og:site_name\" content=\"Radca Prawny Magdalena Zaj\u0105c\" \/>\n<meta property=\"article:modified_time\" content=\"2021-03-16T21:52:08+00:00\" \/>\n<meta name=\"twitter:card\" content=\"summary_large_image\" \/>\n<meta name=\"twitter:label1\" content=\"Est. reading time\">\n\t<meta name=\"twitter:data1\" content=\"2 minuty\">\n<script type=\"application\/ld+json\" class=\"yoast-schema-graph\">{\"@context\":\"https:\/\/schema.org\",\"@graph\":[{\"@type\":[\"Person\",\"Organization\"],\"@id\":\"https:\/\/magdalenazajac.pl\/#\/schema\/person\/d1446521ce843f2dee3b0b7caa81c6f6\",\"name\":\"admin\",\"image\":{\"@type\":\"ImageObject\",\"@id\":\"https:\/\/magdalenazajac.pl\/#personlogo\",\"inLanguage\":\"pl-PL\",\"url\":\"https:\/\/secure.gravatar.com\/avatar\/3b2e95e257b8fdb776a43027ab61e4b90cddbe7bece3ca4a459c06d5e07e6e47?s=96&d=mm&r=g\",\"caption\":\"admin\"},\"logo\":{\"@id\":\"https:\/\/magdalenazajac.pl\/#personlogo\"},\"sameAs\":[\"http:\/\/magdalenazajac.pl\"]},{\"@type\":\"WebSite\",\"@id\":\"https:\/\/magdalenazajac.pl\/#website\",\"url\":\"https:\/\/magdalenazajac.pl\/\",\"name\":\"Radca Prawny Magdalena Zaj\\u0105c\",\"description\":\"\",\"publisher\":{\"@id\":\"https:\/\/magdalenazajac.pl\/#\/schema\/person\/d1446521ce843f2dee3b0b7caa81c6f6\"},\"potentialAction\":[{\"@type\":\"SearchAction\",\"target\":\"https:\/\/magdalenazajac.pl\/?s={search_term_string}\",\"query-input\":\"required name=search_term_string\"}],\"inLanguage\":\"pl-PL\"},{\"@type\":\"WebPage\",\"@id\":\"https:\/\/magdalenazajac.pl\/#webpage\",\"url\":\"https:\/\/magdalenazajac.pl\/\",\"name\":\"Radca Prawny Magdalena Zaj\\u0105c - Radca Prawny Magdalena Zaj\\u0105c\",\"isPartOf\":{\"@id\":\"https:\/\/magdalenazajac.pl\/#website\"},\"datePublished\":\"2021-03-16T17:49:44+00:00\",\"dateModified\":\"2021-03-16T21:52:08+00:00\",\"description\":\"Radca Prawny Magdalena Zaj\\u0105c \\u2013 Bogate do\\u015bwiadczenie zawodowe oraz szeroka wiedza Bogate pozwalaj\\u0105 mi na profesjonalizm.\",\"breadcrumb\":{\"@id\":\"https:\/\/magdalenazajac.pl\/#breadcrumb\"},\"inLanguage\":\"pl-PL\",\"potentialAction\":[{\"@type\":\"ReadAction\",\"target\":[\"https:\/\/magdalenazajac.pl\/\"]}]},{\"@type\":\"BreadcrumbList\",\"@id\":\"https:\/\/magdalenazajac.pl\/#breadcrumb\",\"itemListElement\":[{\"@type\":\"ListItem\",\"position\":1,\"item\":{\"@type\":\"WebPage\",\"@id\":\"https:\/\/magdalenazajac.pl\/\",\"url\":\"https:\/\/magdalenazajac.pl\/\",\"name\":\"Strona g\\u0142\\u00f3wna\"}},{\"@type\":\"ListItem\",\"position\":2,\"item\":{\"@type\":\"WebPage\",\"@id\":\"https:\/\/magdalenazajac.pl\/\",\"url\":\"https:\/\/magdalenazajac.pl\/\",\"name\":\"Radca Prawny Magdalena Zaj\\u0105c\"}}]}]}<\/script>\n<!-- \/ Yoast SEO plugin. -->","_links":{"self":[{"href":"https:\/\/magdalenazajac.pl\/index.php\/wp-json\/wp\/v2\/pages\/6","targetHints":{"allow":["GET"]}}],"collection":[{"href":"https:\/\/magdalenazajac.pl\/index.php\/wp-json\/wp\/v2\/pages"}],"about":[{"href":"https:\/\/magdalenazajac.pl\/index.php\/wp-json\/wp\/v2\/types\/page"}],"author":[{"embeddable":true,"href":"https:\/\/magdalenazajac.pl\/index.php\/wp-json\/wp\/v2\/users\/1"}],"replies":[{"embeddable":true,"href":"https:\/\/magdalenazajac.pl\/index.php\/wp-json\/wp\/v2\/comments?post=6"}],"version-history":[{"count":7,"href":"https:\/\/magdalenazajac.pl\/index.php\/wp-json\/wp\/v2\/pages\/6\/revisions"}],"predecessor-version":[{"id":51,"href":"https:\/\/magdalenazajac.pl\/index.php\/wp-json\/wp\/v2\/pages\/6\/revisions\/51"}],"wp:attachment":[{"href":"https:\/\/magdalenazajac.pl\/index.php\/wp-json\/wp\/v2\/media?parent=6"}],"curies":[{"name":"wp","href":"https:\/\/api.w.org\/{rel}","templated":true}]}}